{"id":2397,"date":"2024-04-04T05:35:31","date_gmt":"2024-04-04T05:35:31","guid":{"rendered":"http:\/\/www.tkprelog.hr\/?page_id=2397"},"modified":"2024-04-09T06:26:07","modified_gmt":"2024-04-09T06:26:07","slug":"muski-parovi","status":"publish","type":"page","link":"https:\/\/www.tkprelog.hr\/?page_id=2397","title":{"rendered":"Mu\u0161ki parovi"},"content":{"rendered":"\n<h2 class=\"wp-block-heading\">MU\u0160KI PAROVI<\/h2>\n\n\n\n<figure class=\"wp-block-table\"><table class=\"has-subtle-pale-blue-background-color has-background\"><tbody><tr><td><strong>#<\/strong><\/td><td class=\"has-text-align-center\" data-align=\"center\"><strong>Skupina A<\/strong><\/td><td class=\"has-text-align-center\" data-align=\"center\"><strong>Malner \/ Majcen<\/strong><\/td><td class=\"has-text-align-center\" data-align=\"center\"><strong>Kolari\u0107 \/ Cofek<\/strong><\/td><td class=\"has-text-align-center\" data-align=\"center\"><strong>Borkovi\u0107 \/ Hlap\u010di\u0107<\/strong><\/td><td class=\"has-text-align-center\" data-align=\"center\"><strong>Brki\u0107 \/ Klari\u0107<\/strong><\/td><td class=\"has-text-align-center\" data-align=\"center\"><strong>\u010ce\u0161njaj \/ Posavec<\/strong><\/td><\/tr><tr><td><strong>1<\/strong><\/td><td class=\"has-text-align-center\" data-align=\"center\"><strong>Malner \/ Majcen<\/strong><\/td><td class=\"has-text-align-center\" data-align=\"center\">&nbsp;<\/td><td class=\"has-text-align-center\" data-align=\"center\">&nbsp;<\/td><td class=\"has-text-align-center\" data-align=\"center\">&nbsp;<\/td><td class=\"has-text-align-center\" data-align=\"center\">&nbsp;<\/td><td class=\"has-text-align-center\" data-align=\"center\">&nbsp;<\/td><\/tr><tr><td><strong>2<\/strong><\/td><td class=\"has-text-align-center\" data-align=\"center\"><strong>Kolari\u0107 \/ Cofek<\/strong><\/td><td class=\"has-text-align-center\" data-align=\"center\">&nbsp;<\/td><td class=\"has-text-align-center\" data-align=\"center\">&nbsp;<\/td><td class=\"has-text-align-center\" data-align=\"center\">&nbsp;<\/td><td class=\"has-text-align-center\" data-align=\"center\">&nbsp;<\/td><td class=\"has-text-align-center\" data-align=\"center\">&nbsp;<\/td><\/tr><tr><td><strong>3<\/strong><\/td><td class=\"has-text-align-center\" data-align=\"center\"><strong>Borkovi\u0107 \/ Hlap\u010di\u0107<\/strong><\/td><td class=\"has-text-align-center\" data-align=\"center\">&nbsp;<\/td><td class=\"has-text-align-center\" data-align=\"center\">&nbsp;<\/td><td class=\"has-text-align-center\" data-align=\"center\">&nbsp;<\/td><td class=\"has-text-align-center\" data-align=\"center\">&nbsp;<\/td><td class=\"has-text-align-center\" data-align=\"center\">&nbsp;<\/td><\/tr><tr><td><strong>4<\/strong><\/td><td class=\"has-text-align-center\" data-align=\"center\"><strong>Brki\u0107 \/ Klari\u0107<\/strong><\/td><td class=\"has-text-align-center\" data-align=\"center\">&nbsp;<\/td><td class=\"has-text-align-center\" data-align=\"center\">&nbsp;<\/td><td class=\"has-text-align-center\" data-align=\"center\">&nbsp;<\/td><td class=\"has-text-align-center\" data-align=\"center\">&nbsp;<\/td><td class=\"has-text-align-center\" data-align=\"center\">&nbsp;<\/td><\/tr><tr><td><strong>5<\/strong><\/td><td class=\"has-text-align-center\" data-align=\"center\"><strong>\u010ce\u0161njaj \/ Posavec<\/strong><\/td><td class=\"has-text-align-center\" data-align=\"center\">&nbsp;<\/td><td class=\"has-text-align-center\" data-align=\"center\">&nbsp;<\/td><td class=\"has-text-align-center\" data-align=\"center\">&nbsp;<\/td><td class=\"has-text-align-center\" data-align=\"center\">&nbsp;<\/td><td class=\"has-text-align-center\" data-align=\"center\">&nbsp;<\/td><\/tr><\/tbody><\/table><\/figure>\n\n\n\n<figure class=\"wp-block-table\"><table class=\"has-subtle-pale-green-background-color has-background\"><tbody><tr><td class=\"has-text-align-center\" data-align=\"center\"><strong>#<\/strong><\/td><td class=\"has-text-align-center\" data-align=\"center\"><strong>Skupina B<\/strong><\/td><td class=\"has-text-align-center\" data-align=\"center\"><strong>Raki\u0107 \/ Blagovi\u0107<\/strong><\/td><td class=\"has-text-align-center\" data-align=\"center\"><strong>Gerbus \/ Gori\u010dki<\/strong><\/td><td class=\"has-text-align-center\" data-align=\"center\"><strong>Hranilovi\u0107 \/ Prprovi\u0107<\/strong><\/td><td class=\"has-text-align-center\" data-align=\"center\"><strong>Branilovi\u0107 \/ Kozar<\/strong><\/td><td class=\"has-text-align-center\" data-align=\"center\"><strong>Knezi\u0107 \/ Nikoli\u0107<\/strong><\/td><\/tr><tr><td class=\"has-text-align-center\" data-align=\"center\"><strong>1<\/strong><\/td><td class=\"has-text-align-center\" data-align=\"center\"><strong>Raki\u0107 \/ Blagovi\u0107<\/strong><\/td><td class=\"has-text-align-center\" data-align=\"center\">&nbsp;<\/td><td class=\"has-text-align-center\" data-align=\"center\">&nbsp;<\/td><td class=\"has-text-align-center\" data-align=\"center\">&nbsp;<\/td><td class=\"has-text-align-center\" data-align=\"center\">&nbsp;<\/td><td class=\"has-text-align-center\" data-align=\"center\">&nbsp;<\/td><\/tr><tr><td class=\"has-text-align-center\" data-align=\"center\"><strong>2<\/strong><\/td><td class=\"has-text-align-center\" data-align=\"center\"><strong>Gerbus \/ Gori\u010dki<\/strong><\/td><td class=\"has-text-align-center\" data-align=\"center\">&nbsp;<\/td><td class=\"has-text-align-center\" data-align=\"center\">&nbsp;<\/td><td class=\"has-text-align-center\" data-align=\"center\">&nbsp;<\/td><td class=\"has-text-align-center\" data-align=\"center\">&nbsp;<\/td><td class=\"has-text-align-center\" data-align=\"center\">&nbsp;<\/td><\/tr><tr><td class=\"has-text-align-center\" data-align=\"center\"><strong>3<\/strong><\/td><td class=\"has-text-align-center\" data-align=\"center\"><strong>Hranilovi\u0107 \/ Prprovi\u0107<\/strong><\/td><td class=\"has-text-align-center\" data-align=\"center\">&nbsp;<\/td><td class=\"has-text-align-center\" data-align=\"center\">&nbsp;<\/td><td class=\"has-text-align-center\" data-align=\"center\">&nbsp;<\/td><td class=\"has-text-align-center\" data-align=\"center\">&nbsp;<\/td><td class=\"has-text-align-center\" data-align=\"center\">&nbsp;<\/td><\/tr><tr><td class=\"has-text-align-center\" data-align=\"center\"><strong>4<\/strong><\/td><td class=\"has-text-align-center\" data-align=\"center\"><strong>Branilovi\u0107 \/ Kozar<\/strong><\/td><td class=\"has-text-align-center\" data-align=\"center\">&nbsp;<\/td><td class=\"has-text-align-center\" data-align=\"center\">&nbsp;<\/td><td class=\"has-text-align-center\" data-align=\"center\">&nbsp;<\/td><td class=\"has-text-align-center\" data-align=\"center\">&nbsp;<\/td><td class=\"has-text-align-center\" data-align=\"center\">&nbsp;<\/td><\/tr><tr><td class=\"has-text-align-center\" data-align=\"center\"><strong>5<\/strong><\/td><td class=\"has-text-align-center\" data-align=\"center\"><strong>Knezi\u0107 \/ Nikoli\u0107<\/strong><\/td><td class=\"has-text-align-center\" data-align=\"center\">&nbsp;<\/td><td class=\"has-text-align-center\" data-align=\"center\">&nbsp;<\/td><td class=\"has-text-align-center\" data-align=\"center\">&nbsp;<\/td><td class=\"has-text-align-center\" data-align=\"center\">&nbsp;<\/td><td class=\"has-text-align-center\" data-align=\"center\">&nbsp;<\/td><\/tr><\/tbody><\/table><\/figure>\n\n\n\n<figure class=\"wp-block-table\"><table class=\"has-subtle-pale-blue-background-color has-background\"><tbody><tr><td><strong>#<\/strong><\/td><td class=\"has-text-align-center\" data-align=\"center\"><strong>Skupina C<\/strong><\/td><td class=\"has-text-align-center\" data-align=\"center\"><strong>Vresk \/ Hajdarovi\u0107<\/strong><\/td><td class=\"has-text-align-center\" data-align=\"center\"><strong>Pokos \/ Bala\u017einec<\/strong><\/td><td class=\"has-text-align-center\" data-align=\"center\"><strong>\u017dbulj \/ \u0160ajnovi\u0107<\/strong><\/td><td class=\"has-text-align-center\" data-align=\"center\"><strong>Ostoja \/ Re\u0161etar<\/strong><\/td><td class=\"has-text-align-center\" data-align=\"center\"><strong>Golubi\u0107 \/ Golubi\u0107<\/strong><\/td><td class=\"has-text-align-center\" data-align=\"center\"><strong>Knez \/ Katalini\u0107<\/strong><\/td><\/tr><tr><td><strong>1<\/strong><\/td><td class=\"has-text-align-center\" data-align=\"center\"><strong>Vresk \/ Hajdarovi\u0107<\/strong><\/td><td class=\"has-text-align-center\" data-align=\"center\">&nbsp;<\/td><td class=\"has-text-align-center\" data-align=\"center\">&nbsp;<\/td><td class=\"has-text-align-center\" data-align=\"center\">&nbsp;<\/td><td class=\"has-text-align-center\" data-align=\"center\">&nbsp;<\/td><td class=\"has-text-align-center\" data-align=\"center\">&nbsp;<\/td><td class=\"has-text-align-center\" data-align=\"center\">&nbsp;<\/td><\/tr><tr><td><strong>2<\/strong><\/td><td class=\"has-text-align-center\" data-align=\"center\"><strong>Pokos \/ Bala\u017einec<\/strong><\/td><td class=\"has-text-align-center\" data-align=\"center\">&nbsp;<\/td><td class=\"has-text-align-center\" data-align=\"center\">&nbsp;<\/td><td class=\"has-text-align-center\" data-align=\"center\">&nbsp;<\/td><td class=\"has-text-align-center\" data-align=\"center\">&nbsp;<\/td><td class=\"has-text-align-center\" data-align=\"center\">&nbsp;<\/td><td class=\"has-text-align-center\" data-align=\"center\">&nbsp;<\/td><\/tr><tr><td><strong>3<\/strong><\/td><td class=\"has-text-align-center\" data-align=\"center\"><strong>\u017dbulj \/ \u0160ajnovi\u0107<\/strong><\/td><td class=\"has-text-align-center\" data-align=\"center\">&nbsp;<\/td><td class=\"has-text-align-center\" data-align=\"center\">&nbsp;<\/td><td class=\"has-text-align-center\" data-align=\"center\">&nbsp;<\/td><td class=\"has-text-align-center\" data-align=\"center\">&nbsp;<\/td><td class=\"has-text-align-center\" data-align=\"center\">&nbsp;<\/td><td class=\"has-text-align-center\" data-align=\"center\">&nbsp;<\/td><\/tr><tr><td><strong>4<\/strong><\/td><td class=\"has-text-align-center\" data-align=\"center\"><strong>Ostoja \/ Re\u0161etar<\/strong><\/td><td class=\"has-text-align-center\" data-align=\"center\">&nbsp;<\/td><td class=\"has-text-align-center\" data-align=\"center\">&nbsp;<\/td><td class=\"has-text-align-center\" data-align=\"center\">&nbsp;<\/td><td class=\"has-text-align-center\" data-align=\"center\">&nbsp;<\/td><td class=\"has-text-align-center\" data-align=\"center\">&nbsp;<\/td><td class=\"has-text-align-center\" data-align=\"center\">&nbsp;<\/td><\/tr><tr><td><strong>5<\/strong><\/td><td class=\"has-text-align-center\" data-align=\"center\"><strong>Golubi\u0107 \/ Golubi\u0107<\/strong><\/td><td class=\"has-text-align-center\" data-align=\"center\">&nbsp;<\/td><td class=\"has-text-align-center\" data-align=\"center\">&nbsp;<\/td><td class=\"has-text-align-center\" data-align=\"center\">&nbsp;<\/td><td class=\"has-text-align-center\" data-align=\"center\">&nbsp;<\/td><td class=\"has-text-align-center\" data-align=\"center\">&nbsp;<\/td><td class=\"has-text-align-center\" data-align=\"center\">&nbsp;<\/td><\/tr><tr><td><strong>6<\/strong><\/td><td class=\"has-text-align-center\" data-align=\"center\"><strong>Knez \/ Katalini\u0107<\/strong><\/td><td class=\"has-text-align-center\" data-align=\"center\">&nbsp;<\/td><td class=\"has-text-align-center\" data-align=\"center\">&nbsp;<\/td><td class=\"has-text-align-center\" data-align=\"center\">&nbsp;<\/td><td class=\"has-text-align-center\" data-align=\"center\">&nbsp;<\/td><td class=\"has-text-align-center\" data-align=\"center\">&nbsp;<\/td><td class=\"has-text-align-center\" data-align=\"center\">&nbsp;<\/td><\/tr><\/tbody><\/table><\/figure>\n\n\n\n<figure class=\"wp-block-table\"><table class=\"has-subtle-pale-pink-background-color has-background\"><tbody><tr><td>#<\/td><td class=\"has-text-align-center\" data-align=\"center\"><strong>Skupina D<\/strong><\/td><td class=\"has-text-align-center\" data-align=\"center\"><strong>Novak \/ Pongrac<\/strong><\/td><td class=\"has-text-align-center\" data-align=\"center\"><strong>Papp \/ Fabi\u0107<\/strong><\/td><td class=\"has-text-align-center\" data-align=\"center\"><strong>\u0160tefulj \/ Dokleja<\/strong><\/td><td class=\"has-text-align-center\" data-align=\"center\"><strong>Gra\u0161i\u0107 \/ Posavec<\/strong><\/td><td class=\"has-text-align-center\" data-align=\"center\"><strong>Branovi\u0107 \/ Vugrinec<\/strong><\/td><td class=\"has-text-align-center\" data-align=\"center\"><strong>\u0160ari\u0107 \/ Domini\u0107<\/strong><\/td><\/tr><tr><td><strong>1<\/strong><\/td><td class=\"has-text-align-center\" data-align=\"center\"><strong>Novak \/ Pongrac<\/strong><\/td><td class=\"has-text-align-center\" data-align=\"center\">&nbsp;<\/td><td class=\"has-text-align-center\" data-align=\"center\">&nbsp;<\/td><td class=\"has-text-align-center\" data-align=\"center\">&nbsp;<\/td><td class=\"has-text-align-center\" data-align=\"center\">&nbsp;<\/td><td class=\"has-text-align-center\" data-align=\"center\">&nbsp;<\/td><td class=\"has-text-align-center\" data-align=\"center\">&nbsp;<\/td><\/tr><tr><td><strong>2<\/strong><\/td><td class=\"has-text-align-center\" data-align=\"center\"><strong>Papp \/ Fabi\u0107<\/strong><\/td><td class=\"has-text-align-center\" data-align=\"center\">&nbsp;<\/td><td class=\"has-text-align-center\" data-align=\"center\">&nbsp;<\/td><td class=\"has-text-align-center\" data-align=\"center\">&nbsp;<\/td><td class=\"has-text-align-center\" data-align=\"center\">&nbsp;<\/td><td class=\"has-text-align-center\" data-align=\"center\">&nbsp;<\/td><td class=\"has-text-align-center\" data-align=\"center\">&nbsp;<\/td><\/tr><tr><td><strong>3<\/strong><\/td><td class=\"has-text-align-center\" data-align=\"center\"><strong>\u0160tefulj \/ Dokleja<\/strong><\/td><td class=\"has-text-align-center\" data-align=\"center\">&nbsp;<\/td><td class=\"has-text-align-center\" data-align=\"center\">&nbsp;<\/td><td class=\"has-text-align-center\" data-align=\"center\">&nbsp;<\/td><td class=\"has-text-align-center\" data-align=\"center\">&nbsp;<\/td><td class=\"has-text-align-center\" data-align=\"center\">&nbsp;<\/td><td class=\"has-text-align-center\" data-align=\"center\">&nbsp;<\/td><\/tr><tr><td><strong>4<\/strong><\/td><td class=\"has-text-align-center\" data-align=\"center\"><strong>Gra\u0161i\u0107 \/ Posavec<\/strong><\/td><td class=\"has-text-align-center\" data-align=\"center\">&nbsp;<\/td><td class=\"has-text-align-center\" data-align=\"center\">&nbsp;<\/td><td class=\"has-text-align-center\" data-align=\"center\">&nbsp;<\/td><td class=\"has-text-align-center\" data-align=\"center\">&nbsp;<\/td><td class=\"has-text-align-center\" data-align=\"center\">&nbsp;<\/td><td class=\"has-text-align-center\" data-align=\"center\">&nbsp;<\/td><\/tr><tr><td><strong>5<\/strong><\/td><td class=\"has-text-align-center\" data-align=\"center\"><strong>Branovi\u0107 \/ Vugrinec<\/strong><\/td><td class=\"has-text-align-center\" data-align=\"center\">&nbsp;<\/td><td class=\"has-text-align-center\" data-align=\"center\">&nbsp;<\/td><td class=\"has-text-align-center\" data-align=\"center\">&nbsp;<\/td><td class=\"has-text-align-center\" data-align=\"center\">&nbsp;<\/td><td class=\"has-text-align-center\" data-align=\"center\">&nbsp;<\/td><td class=\"has-text-align-center\" data-align=\"center\">&nbsp;<\/td><\/tr><tr><td><strong>6<\/strong><\/td><td class=\"has-text-align-center\" data-align=\"center\"><strong>\u0160ari\u0107 \/ Domini\u0107<\/strong><\/td><td class=\"has-text-align-center\" data-align=\"center\">&nbsp;<\/td><td class=\"has-text-align-center\" data-align=\"center\">&nbsp;<\/td><td class=\"has-text-align-center\" data-align=\"center\">&nbsp;<\/td><td class=\"has-text-align-center\" data-align=\"center\">&nbsp;<\/td><td class=\"has-text-align-center\" data-align=\"center\">&nbsp;<\/td><td class=\"has-text-align-center\" data-align=\"center\">&nbsp;<\/td><\/tr><\/tbody><\/table><\/figure>\n\n\n\n<div class=\"wp-block-file\"><a href=\"https:\/\/www.tkprelog.hr\/wp-content\/uploads\/2024\/04\/Mu\u0161ki-parovi-\u017edrijeb.pdf\">Mu\u0161ki-parovi-\u017edrijeb<\/a><a href=\"https:\/\/www.tkprelog.hr\/wp-content\/uploads\/2024\/04\/Mu\u0161ki-parovi-\u017edrijeb.pdf\" class=\"wp-block-file__button\" download>Preuzmi<\/a><\/div>\n\n\n\n<figure class=\"wp-block-image size-large\"><img decoding=\"async\" loading=\"lazy\" width=\"1024\" height=\"760\" src=\"https:\/\/www.tkprelog.hr\/wp-content\/uploads\/2024\/04\/Mu\u0161ki-parovi-\u017edrijeb-1024x760.png\" alt=\"\" class=\"wp-image-2435\" srcset=\"https:\/\/www.tkprelog.hr\/wp-content\/uploads\/2024\/04\/Mu\u0161ki-parovi-\u017edrijeb-1024x760.png 1024w, https:\/\/www.tkprelog.hr\/wp-content\/uploads\/2024\/04\/Mu\u0161ki-parovi-\u017edrijeb-300x223.png 300w, https:\/\/www.tkprelog.hr\/wp-content\/uploads\/2024\/04\/Mu\u0161ki-parovi-\u017edrijeb-768x570.png 768w, https:\/\/www.tkprelog.hr\/wp-content\/uploads\/2024\/04\/Mu\u0161ki-parovi-\u017edrijeb-136x102.png 136w, https:\/\/www.tkprelog.hr\/wp-content\/uploads\/2024\/04\/Mu\u0161ki-parovi-\u017edrijeb.png 1242w\" sizes=\"(max-width: 1024px) 100vw, 1024px\" \/><\/figure>\n\n\n\n<div class=\"wp-block-file\"><a href=\"https:\/\/www.tkprelog.hr\/wp-content\/uploads\/2024\/04\/Kontakti.pdf\">Kontakti<\/a><a href=\"https:\/\/www.tkprelog.hr\/wp-content\/uploads\/2024\/04\/Kontakti.pdf\" class=\"wp-block-file__button\" download>Preuzmi<\/a><\/div>\n\n\n\n<figure class=\"wp-block-image size-large\"><img decoding=\"async\" loading=\"lazy\" width=\"864\" height=\"620\" src=\"https:\/\/www.tkprelog.hr\/wp-content\/uploads\/2024\/04\/Kontakti.jpg\" alt=\"\" class=\"wp-image-2465\" srcset=\"https:\/\/www.tkprelog.hr\/wp-content\/uploads\/2024\/04\/Kontakti.jpg 864w, https:\/\/www.tkprelog.hr\/wp-content\/uploads\/2024\/04\/Kontakti-300x215.jpg 300w, https:\/\/www.tkprelog.hr\/wp-content\/uploads\/2024\/04\/Kontakti-768x551.jpg 768w\" sizes=\"(max-width: 864px) 100vw, 864px\" \/><\/figure>\n","protected":false},"excerpt":{"rendered":"<p>MU\u0160KI PAROVI # Skupina A Malner \/ Majcen Kolari\u0107 \/ Cofek Borkovi\u0107 \/ Hlap\u010di\u0107 Brki\u0107 \/ Klari\u0107 \u010ce\u0161njaj \/ Posavec 1 Malner \/ Majcen &nbsp; &nbsp; &nbsp; &nbsp; &nbsp; 2 &#8230;<\/p>\n","protected":false},"author":74,"featured_media":0,"parent":2390,"menu_order":0,"comment_status":"closed","ping_status":"closed","template":"","meta":{"ngg_post_thumbnail":0},"_links":{"self":[{"href":"https:\/\/www.tkprelog.hr\/index.php?rest_route=\/wp\/v2\/pages\/2397"}],"collection":[{"href":"https:\/\/www.tkprelog.hr\/index.php?rest_route=\/wp\/v2\/pages"}],"about":[{"href":"https:\/\/www.tkprelog.hr\/index.php?rest_route=\/wp\/v2\/types\/page"}],"author":[{"embeddable":true,"href":"https:\/\/www.tkprelog.hr\/index.php?rest_route=\/wp\/v2\/users\/74"}],"replies":[{"embeddable":true,"href":"https:\/\/www.tkprelog.hr\/index.php?rest_route=%2Fwp%2Fv2%2Fcomments&post=2397"}],"version-history":[{"count":7,"href":"https:\/\/www.tkprelog.hr\/index.php?rest_route=\/wp\/v2\/pages\/2397\/revisions"}],"predecessor-version":[{"id":2466,"href":"https:\/\/www.tkprelog.hr\/index.php?rest_route=\/wp\/v2\/pages\/2397\/revisions\/2466"}],"up":[{"embeddable":true,"href":"https:\/\/www.tkprelog.hr\/index.php?rest_route=\/wp\/v2\/pages\/2390"}],"wp:attachment":[{"href":"https:\/\/www.tkprelog.hr\/index.php?rest_route=%2Fwp%2Fv2%2Fmedia&parent=2397"}],"curies":[{"name":"wp","href":"https:\/\/api.w.org\/{rel}","templated":true}]}}