{"id":1909,"date":"2023-04-13T12:07:34","date_gmt":"2023-04-13T12:07:34","guid":{"rendered":"http:\/\/www.tkprelog.hr\/?page_id=1909"},"modified":"2023-04-13T12:11:45","modified_gmt":"2023-04-13T12:11:45","slug":"3-hrvatska-seniorska-teniska-liga-2023-godina","status":"publish","type":"page","link":"https:\/\/www.tkprelog.hr\/?page_id=1909","title":{"rendered":"3. HRVATSKA SENIORSKA\t\t\t\t\t   LIGA &#8211; 2023."},"content":{"rendered":"\n<p>Na\u0161u ekipe \u010dine sljede\u0107i \u010dlanovi:<\/p>\n\n\n\n<p><em>Uskoro vi\u0161e<\/em><\/p>\n\n\n\n<h2 class=\"wp-block-heading\">Tablica:<\/h2>\n\n\n\n<figure class=\"wp-block-image size-large\"><img decoding=\"async\" loading=\"lazy\" width=\"613\" height=\"357\" src=\"https:\/\/www.tkprelog.hr\/wp-content\/uploads\/2023\/04\/tablica.jpg\" alt=\"\" class=\"wp-image-1910\" srcset=\"https:\/\/www.tkprelog.hr\/wp-content\/uploads\/2023\/04\/tablica.jpg 613w, https:\/\/www.tkprelog.hr\/wp-content\/uploads\/2023\/04\/tablica-300x175.jpg 300w\" sizes=\"(max-width: 613px) 100vw, 613px\" \/><\/figure>\n\n\n\n<h2 class=\"wp-block-heading\">Raspored odigravanja po kolima<\/h2>\n\n\n\n<figure class=\"wp-block-image size-large\"><img decoding=\"async\" loading=\"lazy\" width=\"663\" height=\"1024\" src=\"https:\/\/www.tkprelog.hr\/wp-content\/uploads\/2023\/04\/raspored-663x1024.jpg\" alt=\"\" class=\"wp-image-1911\" srcset=\"https:\/\/www.tkprelog.hr\/wp-content\/uploads\/2023\/04\/raspored-663x1024.jpg 663w, https:\/\/www.tkprelog.hr\/wp-content\/uploads\/2023\/04\/raspored-194x300.jpg 194w, https:\/\/www.tkprelog.hr\/wp-content\/uploads\/2023\/04\/raspored.jpg 694w\" sizes=\"(max-width: 663px) 100vw, 663px\" \/><\/figure>\n\n\n\n<p><\/p>\n","protected":false},"excerpt":{"rendered":"<p>Na\u0161u ekipe \u010dine sljede\u0107i \u010dlanovi: Uskoro vi\u0161e Tablica: Raspored odigravanja po kolima<\/p>\n","protected":false},"author":74,"featured_media":0,"parent":0,"menu_order":0,"comment_status":"closed","ping_status":"closed","template":"","meta":{"ngg_post_thumbnail":0},"_links":{"self":[{"href":"https:\/\/www.tkprelog.hr\/index.php?rest_route=\/wp\/v2\/pages\/1909"}],"collection":[{"href":"https:\/\/www.tkprelog.hr\/index.php?rest_route=\/wp\/v2\/pages"}],"about":[{"href":"https:\/\/www.tkprelog.hr\/index.php?rest_route=\/wp\/v2\/types\/page"}],"author":[{"embeddable":true,"href":"https:\/\/www.tkprelog.hr\/index.php?rest_route=\/wp\/v2\/users\/74"}],"replies":[{"embeddable":true,"href":"https:\/\/www.tkprelog.hr\/index.php?rest_route=%2Fwp%2Fv2%2Fcomments&post=1909"}],"version-history":[{"count":3,"href":"https:\/\/www.tkprelog.hr\/index.php?rest_route=\/wp\/v2\/pages\/1909\/revisions"}],"predecessor-version":[{"id":1916,"href":"https:\/\/www.tkprelog.hr\/index.php?rest_route=\/wp\/v2\/pages\/1909\/revisions\/1916"}],"wp:attachment":[{"href":"https:\/\/www.tkprelog.hr\/index.php?rest_route=%2Fwp%2Fv2%2Fmedia&parent=1909"}],"curies":[{"name":"wp","href":"https:\/\/api.w.org\/{rel}","templated":true}]}}